{"id":457,"date":"2018-03-15T15:15:28","date_gmt":"2018-03-15T14:15:28","guid":{"rendered":"https:\/\/www.you-industrie.com\/markets\/centrales-nucleaires-et-thermiques\/"},"modified":"2018-05-25T10:20:25","modified_gmt":"2018-05-25T08:20:25","slug":"centrales-nucleaires-et-thermiques","status":"publish","type":"page","link":"https:\/\/www.you-industrie.com\/en\/markets\/centrales-nucleaires-et-thermiques\/","title":{"rendered":"Power Plants"},"content":{"rendered":"<h2>The ultimate performances<\/h2>\n<p>Nuclear industry is one of the most demanding industrial fields in terms of specifications and quality assurance. In addition to the manufacturing of bearings and segments at the highest level of quality, YOU Industrie highly experienced teams serve our customers and manage these particularly complex projects.<\/p>\n<p>YOU Industrie supplies all french nuclear and thermal power plants, and is a partner of Energy companies around the world.<\/p>\n<blockquote><p>YOU Industrie is the only company qualified to supply \u00d8900mm bearings for the 1450 MW EDF nuclear power plants. These bearings are centrifugated from a 4-ton forge and must withstand a 90 MPa pressure .<\/p><\/blockquote>\n<p>YOU Industrie is proud to have many different export references including Forsmark (Vatenfall) and Oskarshamn (Eon) in Europe, Koeberg (Eskom) in South Africa, Lingao in China&#8230;<\/p>\n<p><img loading=\"lazy\" decoding=\"async\" class=\"alignnone wp-image-95\" src=\"data:image\/gif;base64,R0lGODdhAQABAPAAAP\/\/\/wAAACwAAAAAAQABAEACAkQBADs=\" data-lazy-src=\"https:\/\/www.you-industrie.com\/wp-content\/uploads\/2018\/03\/Centrale-iStock-463379821.jpg\" alt=\"\" width=\"1242\" height=\"825\" \/><noscript><img loading=\"lazy\" decoding=\"async\" class=\"alignnone wp-image-95\" src=\"https:\/\/www.you-industrie.com\/wp-content\/uploads\/2018\/03\/Centrale-iStock-463379821.jpg\" alt=\"\" width=\"1242\" height=\"825\" \/><\/noscript><\/p>\n","protected":false},"excerpt":{"rendered":"<p>L\u2019industrie nucl\u00e9aire fait partie des domaines industriels les plus pointus tant en terme de sp\u00e9cifications que de suivi et assurance qualit\u00e9.<\/p>\n","protected":false},"author":1,"featured_media":96,"parent":287,"menu_order":10,"comment_status":"closed","ping_status":"closed","template":"","meta":{"footnotes":""},"class_list":["post-457","page","type-page","status-publish","has-post-thumbnail","hentry"],"_links":{"self":[{"href":"https:\/\/www.you-industrie.com\/en\/wp-json\/wp\/v2\/pages\/457","targetHints":{"allow":["GET"]}}],"collection":[{"href":"https:\/\/www.you-industrie.com\/en\/wp-json\/wp\/v2\/pages"}],"about":[{"href":"https:\/\/www.you-industrie.com\/en\/wp-json\/wp\/v2\/types\/page"}],"author":[{"embeddable":true,"href":"https:\/\/www.you-industrie.com\/en\/wp-json\/wp\/v2\/users\/1"}],"replies":[{"embeddable":true,"href":"https:\/\/www.you-industrie.com\/en\/wp-json\/wp\/v2\/comments?post=457"}],"version-history":[{"count":17,"href":"https:\/\/www.you-industrie.com\/en\/wp-json\/wp\/v2\/pages\/457\/revisions"}],"predecessor-version":[{"id":603,"href":"https:\/\/www.you-industrie.com\/en\/wp-json\/wp\/v2\/pages\/457\/revisions\/603"}],"up":[{"embeddable":true,"href":"https:\/\/www.you-industrie.com\/en\/wp-json\/wp\/v2\/pages\/287"}],"wp:featuredmedia":[{"embeddable":true,"href":"https:\/\/www.you-industrie.com\/en\/wp-json\/wp\/v2\/media\/96"}],"wp:attachment":[{"href":"https:\/\/www.you-industrie.com\/en\/wp-json\/wp\/v2\/media?parent=457"}],"curies":[{"name":"wp","href":"https:\/\/api.w.org\/{rel}","templated":true}]}}