{"id":480,"date":"2018-05-18T10:46:45","date_gmt":"2018-05-18T08:46:45","guid":{"rendered":"https:\/\/www.you-industrie.com\/mentions-legales\/"},"modified":"2018-05-18T10:51:25","modified_gmt":"2018-05-18T08:51:25","slug":"legals","status":"publish","type":"page","link":"https:\/\/www.you-industrie.com\/en\/legals\/","title":{"rendered":"Legals"},"content":{"rendered":"<h3>Pr\u00e9sentation du site :<\/h3>\n<p>En vertu de l\u2019article 6 de la loi n\u00b0 2004-575 du 21 juin 2004 pour la confiance dans l\u2019\u00e9conomie num\u00e9rique, il est pr\u00e9cis\u00e9 aux utilisateurs du site www.you-industrie.com l\u2019identit\u00e9 des diff\u00e9rents intervenants dans le cadre de sa r\u00e9alisation et de son suivi :<\/p>\n<h3>\u00c9diteur et Propri\u00e9taire :<\/h3>\n<p>You Industrie<br \/>\n\u2013 N\u00b0 SIREN : 552 064 305,<br \/>\n\u2013 Code APE : M\u00e9canique industrielle (2562B)<br \/>\n\u2013 Si\u00e8ge social : 2 RUE HENRI FRANCOIS 77330 OZOIR LA FERRIERE<\/p>\n<h3>Propri\u00e9t\u00e9 intellectuelle :<\/h3>\n<p>Agence Web <a href=\"https:\/\/www.anthedesign.fr\" target=\"_blank\" rel=\"noopener\">AntheDesign<\/a>.<\/p>\n<h3>Copyright :<\/h3>\n<p>Copyright \u00a9 2017 agence web anthedesign \u2013 N\u00b0 de d\u00e9p\u00f4t 644W67<\/p>\n<h3>Directeur de la publication :<\/h3>\n<p>Nicolas PROTIN<\/p>\n<h3>Cr\u00e9dits photos :<\/h3>\n<p>Fotolia<\/p>\n<h3>H\u00e9bergeur :<\/h3>\n<p>H\u00e9bergement SARL <a href=\"https:\/\/www.anthedesign.fr\" target=\"_blank\" rel=\"noopener\">AntheDesign<\/a>, 20 rue Tondu du Metz, 60350 ATTICHY<\/p>\n","protected":false},"excerpt":{"rendered":"<p>Pr\u00e9sentation du site : En vertu de l\u2019article 6 de la loi n\u00b0 2004-575 du 21 juin 2004 pour la confiance dans l\u2019\u00e9conomie num\u00e9rique, il est pr\u00e9cis\u00e9 aux utilisateurs du site www.you-industrie.com l\u2019identit\u00e9 des diff\u00e9rents intervenants dans le cadre de sa r\u00e9alisation et de son suivi : \u00c9diteur et Propri\u00e9taire : You Industrie \u2013 N\u00b0 [&hellip;]<\/p>\n","protected":false},"author":3,"featured_media":0,"parent":0,"menu_order":0,"comment_status":"closed","ping_status":"closed","template":"","meta":{"footnotes":""},"class_list":["post-480","page","type-page","status-publish","hentry"],"_links":{"self":[{"href":"https:\/\/www.you-industrie.com\/en\/wp-json\/wp\/v2\/pages\/480","targetHints":{"allow":["GET"]}}],"collection":[{"href":"https:\/\/www.you-industrie.com\/en\/wp-json\/wp\/v2\/pages"}],"about":[{"href":"https:\/\/www.you-industrie.com\/en\/wp-json\/wp\/v2\/types\/page"}],"author":[{"embeddable":true,"href":"https:\/\/www.you-industrie.com\/en\/wp-json\/wp\/v2\/users\/3"}],"replies":[{"embeddable":true,"href":"https:\/\/www.you-industrie.com\/en\/wp-json\/wp\/v2\/comments?post=480"}],"version-history":[{"count":1,"href":"https:\/\/www.you-industrie.com\/en\/wp-json\/wp\/v2\/pages\/480\/revisions"}],"predecessor-version":[{"id":481,"href":"https:\/\/www.you-industrie.com\/en\/wp-json\/wp\/v2\/pages\/480\/revisions\/481"}],"wp:attachment":[{"href":"https:\/\/www.you-industrie.com\/en\/wp-json\/wp\/v2\/media?parent=480"}],"curies":[{"name":"wp","href":"https:\/\/api.w.org\/{rel}","templated":true}]}}